{"id":21,"date":"2016-06-25T18:10:11","date_gmt":"2016-06-25T17:10:11","guid":{"rendered":"https:\/\/wp.pomitech.cz\/?page_id=21"},"modified":"2016-06-26T21:57:29","modified_gmt":"2016-06-26T20:57:29","slug":"prodej-a-servis","status":"publish","type":"page","link":"https:\/\/www.pomitech.cz\/?page_id=21","title":{"rendered":"Prodej a servis"},"content":{"rendered":"<p>Mimo jin\u00e9 se zab\u00fdv\u00e1me i prodejem a servisem <b>v\u00fdpo\u010detn\u00ed a kancel\u00e1\u0159sk\u00e9 techniky<\/b>. Porad\u00edme V\u00e1m tak\u00e9 s v\u00fdb\u011brem vhodn\u00e9ho zbo\u017e\u00ed a podle pot\u0159eby zajist\u00edme dovoz, instalaci i za\u0161kolen\u00ed obsluhy.<\/p>\n<p>Prod\u00e1v\u00e1me a servisujeme nap\u0159. tato za\u0159\u00edzen\u00ed:<\/p>\n<ul>\n<li>po\u010d\u00edta\u010de, notebooky a p\u0159\u00edslu\u0161enstv\u00ed &#8211; Hewlett-Packard, Dell, Lenovo, Acer&#8230;<\/li>\n<li>s\u00ed\u0165ov\u00e9 prvky, rozvad\u011b\u010de, kabel\u00e1\u017e &#8211; TP-LINK, Cisco, Eaton&#8230;<\/li>\n<li>tisk\u00e1rny, kop\u00edrky a multifunk\u010dn\u00ed za\u0159\u00edzen\u00ed &#8211; Ricoh, Brother, Hewlett-Packard&#8230;<\/li>\n<li>kamery, fotoapar\u00e1ty<\/li>\n<li>skartova\u010de, lamin\u00e1tory, \u0159eza\u010dky<\/li>\n<li>spot\u0159ebn\u00ed materi\u00e1l &#8211; tonery, inkousty, pap\u00edry, folie&#8230;<\/li>\n<\/ul>\n<p>V p\u0159\u00edpad\u011b z\u00e1jmu nab\u00edz\u00edme tak\u00e9 <b>pron\u00e1jem za\u0159\u00edzen\u00ed<\/b>. P\u0159edev\u0161\u00edm u tisk\u00e1ren, kop\u00edrek a multifunk\u010dn\u00edch za\u0159\u00edzen\u00ed, kde pak z\u00e1kazn\u00edk <b>plat\u00ed pouze za vyti\u0161t\u011bn\u00e9 listy<\/b> a n\u00e1klady na servis a spot\u0159ebn\u00ed materi\u00e1l jsou v na\u0161\u00ed re\u017eii.<\/p>\n<p>Po dobu servin\u00edho z\u00e1sahu jsme schopn\u00ed zajistit n\u00e1hradn\u00ed za\u0159\u00edzen\u00ed.<\/p>\n","protected":false},"excerpt":{"rendered":"<p>Zajist\u00edme prodej a servis ve\u0161ker\u00e9 v\u00fdpo\u010detn\u00ed a kancel\u00e1\u0159sk\u00e9 techniky. Porad\u00edme V\u00e1m tak\u00e9 s v\u00fdb\u011brem vhodn\u00e9ho za\u017e\u00edzen\u00ed a podle pot\u0159eby zajist\u00edme dovoz, instalaci i za\u0161kolen\u00ed obsluhy.<\/p>\n","protected":false},"author":1,"featured_media":80,"parent":17,"menu_order":20,"comment_status":"closed","ping_status":"closed","template":"","meta":{"footnotes":""},"class_list":["post-21","page","type-page","status-publish","has-post-thumbnail","hentry"],"_links":{"self":[{"href":"https:\/\/www.pomitech.cz\/index.php?rest_route=\/wp\/v2\/pages\/21","targetHints":{"allow":["GET"]}}],"collection":[{"href":"https:\/\/www.pomitech.cz\/index.php?rest_route=\/wp\/v2\/pages"}],"about":[{"href":"https:\/\/www.pomitech.cz\/index.php?rest_route=\/wp\/v2\/types\/page"}],"author":[{"embeddable":true,"href":"https:\/\/www.pomitech.cz\/index.php?rest_route=\/wp\/v2\/users\/1"}],"replies":[{"embeddable":true,"href":"https:\/\/www.pomitech.cz\/index.php?rest_route=%2Fwp%2Fv2%2Fcomments&post=21"}],"version-history":[{"count":1,"href":"https:\/\/www.pomitech.cz\/index.php?rest_route=\/wp\/v2\/pages\/21\/revisions"}],"predecessor-version":[{"id":73,"href":"https:\/\/www.pomitech.cz\/index.php?rest_route=\/wp\/v2\/pages\/21\/revisions\/73"}],"up":[{"embeddable":true,"href":"https:\/\/www.pomitech.cz\/index.php?rest_route=\/wp\/v2\/pages\/17"}],"wp:featuredmedia":[{"embeddable":true,"href":"https:\/\/www.pomitech.cz\/index.php?rest_route=\/wp\/v2\/media\/80"}],"wp:attachment":[{"href":"https:\/\/www.pomitech.cz\/index.php?rest_route=%2Fwp%2Fv2%2Fmedia&parent=21"}],"curies":[{"name":"wp","href":"https:\/\/api.w.org\/{rel}","templated":true}]}}