{"id":28,"date":"2016-06-25T18:06:26","date_gmt":"2016-06-25T17:06:26","guid":{"rendered":"https:\/\/wp.pomitech.cz\/?page_id=28"},"modified":"2016-06-26T21:58:55","modified_gmt":"2016-06-26T20:58:55","slug":"zakazkovy-vyvoj","status":"publish","type":"page","link":"https:\/\/www.pomitech.cz\/?page_id=28","title":{"rendered":"Zak\u00e1zkov\u00fd v\u00fdvoj"},"content":{"rendered":"<p>Mnoho program\u016f nespl\u0148uje v\u0161echny po\u017eadavky u\u017eivatel\u016f. Nab\u00edz\u00edme proto zak\u00e1zkov\u00fd <b>v\u00fdvoj aplikac\u00ed<\/b> podle po\u017eadavk\u016f a pot\u0159eb z\u00e1kazn\u00edka. Jedn\u00e1 se p\u0159edev\u0161\u00edm o intern\u00ed firmen\u00ed datab\u00e1ze a aplikace pro \u0159\u00edzen\u00ed a kontrolu v\u00fdrobn\u00edch a obchodn\u00edch proces\u016f. Zab\u00fdv\u00e1me se nejen v\u00fdvojem aplikac\u00ed, ale tak\u00e9 <b>v\u00fdvojem elektronick\u00fdch za\u0159\u00edzen\u00ed a embedded syst\u00e9m\u016f<\/b> &#8211; nap\u0159. automatick\u00e9 zavla\u017eov\u00e1n\u00ed, regul\u00e1tory topen\u00ed a chlazen\u00ed&#8230;<\/p>\n","protected":false},"excerpt":{"rendered":"<p>Zab\u00fdv\u00e1me se v\u00fdvojem aplikac\u00ed a elektronick\u00fdch za\u0159\u00edzen\u00ed podle individu\u00e1ln\u00edch po\u017eadavk\u016f z\u00e1kazn\u00edka.<\/p>\n","protected":false},"author":1,"featured_media":133,"parent":17,"menu_order":60,"comment_status":"closed","ping_status":"closed","template":"","meta":{"footnotes":""},"class_list":["post-28","page","type-page","status-publish","has-post-thumbnail","hentry"],"_links":{"self":[{"href":"https:\/\/www.pomitech.cz\/index.php?rest_route=\/wp\/v2\/pages\/28","targetHints":{"allow":["GET"]}}],"collection":[{"href":"https:\/\/www.pomitech.cz\/index.php?rest_route=\/wp\/v2\/pages"}],"about":[{"href":"https:\/\/www.pomitech.cz\/index.php?rest_route=\/wp\/v2\/types\/page"}],"author":[{"embeddable":true,"href":"https:\/\/www.pomitech.cz\/index.php?rest_route=\/wp\/v2\/users\/1"}],"replies":[{"embeddable":true,"href":"https:\/\/www.pomitech.cz\/index.php?rest_route=%2Fwp%2Fv2%2Fcomments&post=28"}],"version-history":[{"count":1,"href":"https:\/\/www.pomitech.cz\/index.php?rest_route=\/wp\/v2\/pages\/28\/revisions"}],"predecessor-version":[{"id":77,"href":"https:\/\/www.pomitech.cz\/index.php?rest_route=\/wp\/v2\/pages\/28\/revisions\/77"}],"up":[{"embeddable":true,"href":"https:\/\/www.pomitech.cz\/index.php?rest_route=\/wp\/v2\/pages\/17"}],"wp:featuredmedia":[{"embeddable":true,"href":"https:\/\/www.pomitech.cz\/index.php?rest_route=\/wp\/v2\/media\/133"}],"wp:attachment":[{"href":"https:\/\/www.pomitech.cz\/index.php?rest_route=%2Fwp%2Fv2%2Fmedia&parent=28"}],"curies":[{"name":"wp","href":"https:\/\/api.w.org\/{rel}","templated":true}]}}